{"id":79,"date":"2022-02-09T12:55:19","date_gmt":"2022-02-09T12:55:19","guid":{"rendered":"https:\/\/gluhak.hr\/?page_id=79"},"modified":"2022-03-24T16:29:53","modified_gmt":"2022-03-24T15:29:53","slug":"pravila-privatnosti","status":"publish","type":"page","link":"https:\/\/gluhak.hr\/en\/pravila-privatnosti\/","title":{"rendered":"Pravila Privatnosti"},"content":{"rendered":"<p>Pravila o privatnosti za Gluhak.hr.<\/p>\n\n\n\n<p>Na gluhak.hr&nbsp;&nbsp;jedan od na\u0161ih glavnih prioriteta je privatnost na\u0161ih posjetitelja. Ovaj dokument o pravilima privatnosti sadr\u017ei vrste podataka koje prikuplja i bilje\u017ei.<\/p>\n\n\n\n<p>Ako imate dodatna pitanja ili su vam potrebne dodatne informacije o na\u0161im Pravilima o privatnosti, ne ustru\u010davajte se kontaktirati nas putem e-maila na info@gluhak.hr.<\/p>\n\n\n\n<p>Ova se pravila o privatnosti odnose samo na na\u0161e mre\u017ene aktivnosti i vrijede za posjetitelje na\u0161e web stranice s obzirom na informacije koje su podijelili i \/ ili prikupljali u Gluhak.hr.&nbsp;Ovo se pravilo ne odnosi na podatke prikupljene izvan mre\u017ee ili preko kanala koji nisu ove web stranice.<\/p>\n\n\n\n<p><strong>Pristanak<\/strong><\/p>\n\n\n\n<p>Kori\u0161tenjem na\u0161e web stranice, prihva\u0107ate na\u0161u politiku privatnosti i prihva\u0107ate njene uvjete.<\/p>\n\n\n\n<p><strong>Informacije koje prikupljamo<\/strong><\/p>\n\n\n\n<p>Osobni podaci koje ste tra\u017eili da pru\u017eite i razlozi za\u0161to vas od njih tra\u017ei da vam postanu jasni u trenutku kada od vas tra\u017eimo da navedete svoje osobne podatke.<\/p>\n\n\n\n<p>Ako nas kontaktirate izravno, mo\u017eda \u0107emo dobiti dodatne informacije o vama, kao \u0161to su va\u0161e ime, adresa e-po\u0161te, telefonski broj, sadr\u017eaj poruke i \/ ili privitke koje nam mo\u017eete poslati i sve ostale podatke koje odlu\u010dite da nam date.<\/p>\n\n\n\n<p>Kada se registrirate za ra\u010dun, mo\u017eemo tra\u017eiti va\u0161e kontaktne podatke, uklju\u010duju\u0107i stavke kao \u0161to su ime, naziv tvrtke, adresa, adresa e-po\u0161te i telefonski broj.<\/p>\n\n\n\n<p><strong>Kako koristimo va\u0161e podatke<\/strong><\/p>\n\n\n\n<p>Informacije koje prikupljamo koristimo na razli\u010dite na\u010dine, uklju\u010duju\u0107i:<\/p>\n\n\n\n<ul class=\"wp-block-list\"><li>upravljajte i odr\u017eavajte na\u0161e web stranicu<\/li><li>Pobolj\u0161anje, personaliziranje i pro\u0161irivanje na\u0161e web stranicu<\/li><li>Shva\u010danje i analiziranje kako koristite na\u0161u web stranicu<\/li><li>Razvoj novih proizvoda, usluga, zna\u010dajki i funkcionalnosti<\/li><li>Komuniciranje s vama bilo izravno ili putem nekog od na\u0161ih partnera, uklju\u010duju\u0107i slu\u017ebu za korisnike, kako bismo vam pru\u017eili a\u017euriranja i druge informacije koje se odnose na web stranicu, kao i za marketin\u0161ke i promotivne svrhe<\/li><li>Slanje e-po\u0161te<\/li><\/ul>\n\n\n\n<p><strong>Datoteke dnevnika<\/strong><\/p>\n\n\n\n<p>Gluhak.hr slijedi standardni postupak kori\u0161tenja datoteka dnevnika.&nbsp;Ove datoteke evidentiraju posjetitelje kada posje\u0107uju web mjesta.&nbsp;Sve hosting tvrtke rade to i dio su usluga analitike hostinga.&nbsp;Podaci prikupljeni datotekama dnevnika uklju\u010duju adrese internetskog protokola (IP), vrstu preglednika, davatelja internetskih usluga (ISP), \u017eig datuma i vremena, stranice upu\u0107ivanja \/ izlaska i eventualni broj klikova.&nbsp;Nisu povezane s bilo kojom informacijom koja se mo\u017ee osobno identificirati.&nbsp;Svrha informacija je analiza trendova, administriranje web mjesta, pra\u0107enje kretanja korisnika na web mjestu i prikupljanje demografskih podataka.<\/p>\n\n\n\n<p><strong>Kola\u010di\u0107i<\/strong><\/p>\n\n\n\n<p>Kao i bilo koje druge web stranice, Gluhak.hr&nbsp;koristi \u201ckola\u010di\u0107e\u201d.&nbsp;Ovi kola\u010di\u0107i koriste se za pohranjivanje podataka uklju\u010duju\u0107i preferencije posjetitelja i stranice na web mjestu kojima je posjetitelj pristupio ili posjetio.&nbsp;Te se informacije koriste za optimiziranje korisni\u010dkog iskustva prilago\u0111avanjem sadr\u017eaja na\u0161ih web stranica na temelju vrste preglednika i \/ ili drugih podataka posjetitelja.<\/p>\n\n\n\n<p><strong>Pravila o privatnosti za ogla\u0161ava\u010dke partnere<\/strong><\/p>\n\n\n\n<p>Oglasni poslu\u017eitelji ili oglasne mre\u017ee tre\u0107ih strana koriste tehnologije poput kola\u010di\u0107a, JavaScripta ili Web Beacon koji se koriste u svojim oglasima i vezama koje se pojavljuju na Gluhak.hr, a koje se \u0161alju izravno na preglednik korisnika.&nbsp;Oni automatski dobivaju va\u0161u IP adresu kada se to dogodi.&nbsp;Te se tehnologije koriste za mjerenje u\u010dinkovitosti njihovih reklamnih kampanja i \/ ili za personaliziranje reklamnog sadr\u017eaja koji vidite na web stranicama koje posjetite.<\/p>\n\n\n\n<p>Imajte na umu da Gluhak.hr nema pristup ili nadzor nad ovim kola\u010di\u0107ima koje koriste ogla\u0161ava\u010di tre\u0107ih strana.<\/p>\n\n\n\n<p><strong>Pravila o privatnosti tre\u0107ih strana<\/strong><\/p>\n\n\n\n<p>Pravila o privatnosti Gluhak.hr ne odnose se na ostale ogla\u0161ava\u010de ili web stranice.&nbsp;Stoga vam savjetujemo da se za detaljnije informacije konzultirate s pravilima privatnosti ovih tre\u0107ih oglasa.&nbsp;To mo\u017ee uklju\u010divati njihove prakse i upute o isklju\u010divanju odre\u0111enih opcija.&nbsp;Kompletan popis ovih Pravila o privatnosti i njihove poveznice mo\u017eete prona\u0107i ovdje: Veze za politiku privatnosti.<\/p>\n\n\n\n<p>Mo\u017eete onemogu\u0107iti kola\u010di\u0107e putem pojedina\u010dnih opcija preglednika.&nbsp;Da biste saznali detaljnije informacije o upravljanju kola\u010di\u0107ima s odre\u0111enim web preglednicima, one se mogu prona\u0107i na odgovaraju\u0107im web lokacijama preglednika.&nbsp;\u0160to su kola\u010di\u0107i?<\/p>\n\n\n\n<p><strong>CCPA pravila o privatnosti (ne prodajemo va\u0161e&nbsp; osobne podatke)<\/strong><\/p>\n\n\n\n<p>U skladu s CCPA-om, izme\u0111u ostalih prava, kalifornijski potro\u0161a\u010di imaju pravo na:<\/p>\n\n\n\n<p>Zatra\u017eite da tvrtka koja prikuplja osobne podatke potro\u0161a\u010da otkriva kategorije i specifi\u010dne dijelove osobnih podataka koje je tvrtka prikupila o potro\u0161a\u010dima.<\/p>\n\n\n\n<p>Zatra\u017eite da tvrtka izbri\u0161e sve osobne podatke o potro\u0161a\u010du koje je tvrtka prikupila.<\/p>\n\n\n\n<p>Zatra\u017eite da tvrtka koja prodaje osobne podatke potro\u0161a\u010da, a ne da prodaje osobne podatke potro\u0161a\u010da.<\/p>\n\n\n\n<p>Ako podnesete zahtjev, imamo vam mjesec dana da vam odgovorimo.&nbsp;Ako \u017eelite iskoristiti bilo koje od ovih prava, obratite nam se.<\/p>\n\n\n\n<p><strong>Pravila o privatnosti GDPR-a (Prava na za\u0161titu podataka)<\/strong><\/p>\n\n\n\n<p>\u017deljeli bismo biti sigurni da ste potpuno svjesni svih svojih prava na za\u0161titu podataka.&nbsp;Svaki korisnik ima pravo na sljede\u0107e:<\/p>\n\n\n\n<p>Pravo na pristup \u2013 Imate pravo zatra\u017eiti kopije va\u0161ih osobnih podataka.&nbsp;Mo\u017eemo vam naplatiti malu naknadu za ovu uslugu.<\/p>\n\n\n\n<p>Pravo na ispravljanje \u2013 imate pravo zatra\u017eiti da ispravimo bilo koje podatke za koje smatrate da su neto\u010dni.&nbsp;Tako\u0111er imate pravo tra\u017eiti da ispunimo podatke za koje smatrate da su nepotpuni.<\/p>\n\n\n\n<p>Pravo na brisanje \u2013 Imate pravo tra\u017eiti brisanje va\u0161ih osobnih podataka, pod odre\u0111enim uvjetima.<\/p>\n\n\n\n<p>Pravo na ograni\u010davanje obrade \u2013 Imate pravo tra\u017eiti da ograni\u010dimo obradu va\u0161ih osobnih podataka, pod odre\u0111enim uvjetima.<\/p>\n\n\n\n<p>Pravo na prigovor na obradu \u2013 Imate pravo prigovora na na\u0161u obradu va\u0161ih osobnih podataka, pod odre\u0111enim uvjetima.<\/p>\n\n\n\n<p>Pravo na prenosivost podataka \u2013 Imate pravo tra\u017eiti da podatke koje smo prikupili prenesemo drugoj organizaciji ili izravno vama, pod odre\u0111enim uvjetima.<\/p>\n\n\n\n<p>Ako podnesete zahtjev, imamo vam mjesec dana da vam odgovorimo. Ako \u017eelite iskoristiti bilo koje od ovih prava, obratite nam se.<\/p>","protected":false},"excerpt":{"rendered":"<p>Pravila o privatnosti za Gluhak.hr. Na gluhak.hr&nbsp;&nbsp;jedan od na\u0161ih glavnih prioriteta je privatnost na\u0161ih posjetitelja. Ovaj dokument o pravilima privatnosti sadr\u017ei vrste podataka koje prikuplja i bilje\u017ei. Ako imate dodatna pitanja ili su vam potrebne dodatne informacije o na\u0161im Pravilima o privatnosti, ne ustru\u010davajte se kontaktirati nas putem e-maila na info@gluhak.hr. Ova se pravila o<\/p>","protected":false},"author":1,"featured_media":0,"parent":0,"menu_order":0,"comment_status":"closed","ping_status":"closed","template":"page-blank-title-center.php","meta":{"footnotes":""},"class_list":["post-79","page","type-page","status-publish","hentry"],"_links":{"self":[{"href":"https:\/\/gluhak.hr\/en\/wp-json\/wp\/v2\/pages\/79","targetHints":{"allow":["GET"]}}],"collection":[{"href":"https:\/\/gluhak.hr\/en\/wp-json\/wp\/v2\/pages"}],"about":[{"href":"https:\/\/gluhak.hr\/en\/wp-json\/wp\/v2\/types\/page"}],"author":[{"embeddable":true,"href":"https:\/\/gluhak.hr\/en\/wp-json\/wp\/v2\/users\/1"}],"replies":[{"embeddable":true,"href":"https:\/\/gluhak.hr\/en\/wp-json\/wp\/v2\/comments?post=79"}],"version-history":[{"count":0,"href":"https:\/\/gluhak.hr\/en\/wp-json\/wp\/v2\/pages\/79\/revisions"}],"wp:attachment":[{"href":"https:\/\/gluhak.hr\/en\/wp-json\/wp\/v2\/media?parent=79"}],"curies":[{"name":"wp","href":"https:\/\/api.w.org\/{rel}","templated":true}]}}