{"id":41474,"date":"2024-09-14T12:53:29","date_gmt":"2024-09-14T11:53:29","guid":{"rendered":"https:\/\/gluhak.hr\/?page_id=41474"},"modified":"2024-08-23T12:54:41","modified_gmt":"2024-08-23T11:54:41","slug":"bravarija-durdevac-2","status":"publish","type":"page","link":"https:\/\/gluhak.hr\/en\/bravarija-durdevac-2\/","title":{"rendered":"Bravarija \u0110ur\u0111evac"},"content":{"rendered":"<h3 class=\"wp-block-heading\">Kvalitetna Bravarska Rje\u0161enja za Sve Potrebe u \u0110ur\u0111evcu<\/h3>\n\n\n\n<p>Gluhak Bravarija nudi vrhunska bravarska rje\u0161enja za sve potrebe u \u0110ur\u0111evcu. Na\u0161a stru\u010dnost obuhva\u0107a \u0161irok spektar usluga, uklju\u010duju\u0107i izradu metalnih konstrukcija, nadstre\u0161nica, metalnih i aluminijskih ograda te \u010deli\u010dnih konstrukcija. Tako\u0111er se bavimo rezanjem i savijanjem lima, izradom postolja za namje\u0161taj, dijelova za strojeve, spremnika pod tlakom, tankova, hidroforskih posuda i kontejnera. Industrije u \u0110ur\u0111evcu, kao \u0161to su proizvodnja, gra\u0111evina i poljoprivreda, mogu zna\u010dajno profitirati od na\u0161ih bravarskih usluga, koje omogu\u0107uju izgradnju i odr\u017eavanje klju\u010dnih infrastrukturnih elemenata.<\/p>\n\n\n\n<figure class=\"wp-block-image size-large\"><img decoding=\"async\" width=\"1024\" height=\"819\" src=\"https:\/\/gluhak.hr\/wp-content\/uploads\/2024\/08\/vcfbfgz5r445z45zhfgdvfcfdhg-1024x819.jpg\" alt=\"\" class=\"wp-image-851\" title=\"\" srcset=\"https:\/\/gluhak.hr\/wp-content\/uploads\/2024\/08\/vcfbfgz5r445z45zhfgdvfcfdhg-1024x819.jpg 1024w, https:\/\/gluhak.hr\/wp-content\/uploads\/2024\/08\/vcfbfgz5r445z45zhfgdvfcfdhg-300x240.jpg 300w, https:\/\/gluhak.hr\/wp-content\/uploads\/2024\/08\/vcfbfgz5r445z45zhfgdvfcfdhg-768x614.jpg 768w, https:\/\/gluhak.hr\/wp-content\/uploads\/2024\/08\/vcfbfgz5r445z45zhfgdvfcfdhg-15x12.jpg 15w, https:\/\/gluhak.hr\/wp-content\/uploads\/2024\/08\/vcfbfgz5r445z45zhfgdvfcfdhg.jpg 1500w\" sizes=\"(max-width: 1024px) 100vw, 1024px\" \/><\/figure>\n\n\n\n<h3 class=\"wp-block-heading\">Prilago\u0111eno potrebama industrije i doma\u0107instava na podru\u010dju \u0110ur\u0111evca 48350<\/h3>\n\n\n\n<p>U \u0110ur\u0111evcu, Gluhak Bravarija prilago\u0111ava svoje usluge specifi\u010dnim potrebama lokalne zajednice i industrije. Na\u0161a bravarska radiona nudi visokokvalitetne bravarske radove, uklju\u010duju\u0107i aluminijske i \u010deli\u010dne konstrukcije, inox bravariju, te preciznu CNC obrada metala. Pru\u017eamo rje\u0161enja koja su u skladu s potrebama javnog sektora i privatnih korisnika, \u0161to \u010dini na\u0161u ponudu savr\u0161enom za razli\u010dite projekte u \u0110ur\u0111evcu.<\/p>\n\n\n\n<h3 class=\"wp-block-heading\">Pogodnosti Bravarije Gluhak u \u0110ur\u0111evcu<\/h3>\n\n\n\n<p>Gluhak Bravarija pru\u017ea brojne prednosti za klijente u \u0110ur\u0111evcu. Na\u0161a sposobnost da pru\u017eimo kvalitetne bravarske usluge u klju\u010dnim dijelovima grada, uklju\u010duju\u0107i Ulicu Antuna Mihanovi\u0107a, Ulicu Grgura Ninskog, Ulicu Stjepana Radi\u0107a i Ulicu Vladimira Nazora, \u010dini nas idealnim izborom za va\u0161e projekte. Na\u0161a stru\u010dnost u inox bravariji i CNC obradi metala, zajedno s konkurentnim cijenama, osigurava da dobijete najbolju uslugu u svom podru\u010dju.<\/p>\n\n\n\n<figure class=\"wp-block-image size-large\"><img decoding=\"async\" width=\"1024\" height=\"819\" src=\"https:\/\/gluhak.hr\/wp-content\/uploads\/2024\/08\/651dfg6514dfg651dgf651dfg651dfg651dfg651dfg-1024x819.jpg\" alt=\"\" class=\"wp-image-874\" title=\"\" srcset=\"https:\/\/gluhak.hr\/wp-content\/uploads\/2024\/08\/651dfg6514dfg651dgf651dfg651dfg651dfg651dfg-1024x819.jpg 1024w, https:\/\/gluhak.hr\/wp-content\/uploads\/2024\/08\/651dfg6514dfg651dgf651dfg651dfg651dfg651dfg-300x240.jpg 300w, https:\/\/gluhak.hr\/wp-content\/uploads\/2024\/08\/651dfg6514dfg651dgf651dfg651dfg651dfg651dfg-768x614.jpg 768w, https:\/\/gluhak.hr\/wp-content\/uploads\/2024\/08\/651dfg6514dfg651dgf651dfg651dfg651dfg651dfg-15x12.jpg 15w, https:\/\/gluhak.hr\/wp-content\/uploads\/2024\/08\/651dfg6514dfg651dgf651dfg651dfg651dfg651dfg.jpg 1500w\" sizes=\"(max-width: 1024px) 100vw, 1024px\" \/><\/figure>\n\n\n\n<h3 class=\"wp-block-heading\">Nazovite nas ve\u0107 danas za bravarske usluge<\/h3>\n\n\n\n<p>Za najkvalitetnije bravarske usluge u \u0110ur\u0111evcu, Gluhak Bravarija je va\u0161 najbolji izbor. Kontaktirajte nas kako biste saznali vi\u0161e o na\u0161im cijenama bravarije i specijaliziranim bravarskim radovima. Nudimo aluminijske, \u010deli\u010dne i inox konstrukcije, CNC obrada metala i druge vrhunske bravarske usluge koje \u0107e zadovoljiti sve va\u0161e potrebe. Ne \u010dekajte \u2013 obratite nam se ve\u0107 danas za pouzdane i profesionalne bravarske usluge!<\/p>\n<h3>Sheets, profiles and pipes<\/h3>\n<ul class=\"rank-math-html-sitemap__list\">\n<li class=\"rank-math-html-sitemap__item\"><a class=\"rank-math-html-sitemap__link\" href=\"https:\/\/gluhak.hr\/en\/savijanje-limova\/\">Sheet bending<\/a><\/li>\n<li class=\"rank-math-html-sitemap__item\"><a class=\"rank-math-html-sitemap__link\" href=\"https:\/\/gluhak.hr\/en\/rezanje-limova\/\">Sheet metal cutting<\/a><\/li>\n<li><a class=\"rank-math-html-sitemap__link\" href=\"https:\/\/gluhak.hr\/en\/savijanje-metalnih-profila\/\">Bending metal profiles<\/a><\/li>\n<li><a class=\"rank-math-html-sitemap__link\" href=\"https:\/\/gluhak.hr\/en\/savijanje-cjevi\/\">Bending pipes<\/a><\/li>\n<li><a class=\"rank-math-html-sitemap__link\" href=\"https:\/\/gluhak.hr\/en\/rezanje-profila\/\">Profile cutting<\/a><\/li>\n<\/ul>\n<p>\u00a0<\/p>\n<h3>Fences<\/h3>\n<ul>\n<li><a class=\"rank-math-html-sitemap__link\" href=\"https:\/\/gluhak.hr\/en\/izrada-aluminijske-ograde\/\">Production of aluminum fence<\/a><\/li>\n<li><a class=\"rank-math-html-sitemap__link\" href=\"https:\/\/gluhak.hr\/en\/izrada-metalne-ograde\/\">Making of metal fence<\/a><\/li>\n<li><a class=\"rank-math-html-sitemap__link\" href=\"https:\/\/gluhak.hr\/en\/ograde-po-mjeri\/\">Custom fences<\/a><\/li>\n<li><a class=\"rank-math-html-sitemap__link\" href=\"https:\/\/gluhak.hr\/en\/izrada-inox-ograde\/\">Stainless steel fence<\/a><\/li>\n<li><a class=\"rank-math-html-sitemap__link\" href=\"https:\/\/gluhak.hr\/en\/izrada-kliznih-dvorisnih-vrata\/\">Production of sliding doors<\/a><\/li>\n<li><a class=\"rank-math-html-sitemap__link\" href=\"https:\/\/gluhak.hr\/en\/izrada-cnc-rezanih-ograda\/\">Production of CNC cut fences<\/a><\/li>\n<li class=\"rank-math-html-sitemap__item\"><a class=\"rank-math-html-sitemap__link\" href=\"https:\/\/gluhak.hr\/en\/balkonske-ograde\/\">Balcony railings<\/a><\/li>\n<li class=\"rank-math-html-sitemap__item\"><a class=\"rank-math-html-sitemap__link\" href=\"https:\/\/gluhak.hr\/en\/izrada-panelne-ograde\/\">Making a panel fence<\/a><\/li>\n<\/ul>\n<p>\u00a0<\/p>\n<h3>Services<\/h3>\n<ul>\n<li><a class=\"rank-math-html-sitemap__link\" href=\"https:\/\/gluhak.hr\/en\/zavarivanje\/\">Welding<\/a><\/li>\n<li><a class=\"rank-math-html-sitemap__link\" href=\"https:\/\/gluhak.hr\/en\/savijanje-zice\/\">Wire bending<\/a><\/li>\n<li class=\"rank-math-html-sitemap__item\"><a class=\"rank-math-html-sitemap__link\" href=\"https:\/\/gluhak.hr\/en\/3d-modeliranje-i-crtanje\/\">3D modeling and drawing<\/a><\/li>\n<li class=\"rank-math-html-sitemap__item\"><a class=\"rank-math-html-sitemap__link\" href=\"https:\/\/gluhak.hr\/en\/montaza-metalnih-konstrukcija\/\">Installation Of Metal Structures<\/a><\/li>\n<li class=\"rank-math-html-sitemap__item\"><a class=\"rank-math-html-sitemap__link\" href=\"https:\/\/gluhak.hr\/en\/popravak-strojeva-i-konstrukcija\/\">Repair of machinery and structures<\/a><\/li>\n<li><a class=\"rank-math-html-sitemap__link\" href=\"https:\/\/gluhak.hr\/en\/izrada-manjih-strojeva-i-naprava\/\">Making smaller machines and devices<\/a><\/li>\n<li><a class=\"rank-math-html-sitemap__link\" href=\"https:\/\/gluhak.hr\/en\/izrada-metalnih-dijelova-za-strojeve\/\">Production of metal parts for machines<\/a><\/li>\n<\/ul>\n<h3>\u00a0<\/h3>\n<h3>Machining and surface treatment<\/h3>\n<ul class=\"rank-math-html-sitemap__list\">\n<li><a class=\"rank-math-html-sitemap__link\" href=\"https:\/\/gluhak.hr\/en\/cnc-obrada-metala\/\">CNC metal processing<\/a><\/li>\n<li class=\"rank-math-html-sitemap__item\"><a class=\"rank-math-html-sitemap__link\" href=\"https:\/\/gluhak.hr\/en\/povrsinska-obrada-metala\/\">Metal surface treatment<\/a><\/li>\n<li class=\"rank-math-html-sitemap__item\"><a class=\"rank-math-html-sitemap__link\" href=\"https:\/\/gluhak.hr\/en\/strojna-obrada-metala\/\">Metal machining<\/a><\/li>\n<li class=\"rank-math-html-sitemap__item\"><a class=\"rank-math-html-sitemap__link\" href=\"https:\/\/gluhak.hr\/en\/brusenje-metala\/\">Grinding metal<\/a><\/li>\n<li class=\"rank-math-html-sitemap__item\"><a class=\"rank-math-html-sitemap__link\" href=\"https:\/\/gluhak.hr\/en\/busenje-metala\/\">Metal drilling<\/a><\/li>\n<li class=\"rank-math-html-sitemap__item\"><a class=\"rank-math-html-sitemap__link\" href=\"https:\/\/gluhak.hr\/en\/glodanje\/\">Milling<\/a><\/li>\n<li class=\"rank-math-html-sitemap__item\"><a class=\"rank-math-html-sitemap__link\" href=\"https:\/\/gluhak.hr\/en\/tokarenje\/\">Turning<\/a><\/li>\n<li class=\"rank-math-html-sitemap__item\"><a class=\"rank-math-html-sitemap__link\" href=\"https:\/\/gluhak.hr\/en\/cincanje\/\">Galvanizing<\/a><\/li>\n<li class=\"rank-math-html-sitemap__item\"><a class=\"rank-math-html-sitemap__link\" href=\"https:\/\/gluhak.hr\/en\/pjeskarenje-metala\/\">Sandblasting metal<\/a><\/li>\n<li><a class=\"rank-math-html-sitemap__link\" href=\"https:\/\/gluhak.hr\/en\/plastifikacija-metala\/\">Plastification of metal<\/a><\/li>\n<li><a class=\"rank-math-html-sitemap__link\" href=\"https:\/\/gluhak.hr\/en\/lasersko-rezanje-metala\/\">Laser metal cutting<\/a><\/li>\n<\/ul>\n<h3>\u00a0<\/h3>\n<h3>Products<\/h3>\n<ul>\n<li><a class=\"rank-math-html-sitemap__link\" href=\"https:\/\/gluhak.hr\/en\/izrada-metalnih-nadstresnica\/\">Production of metal canopies<\/a><\/li>\n<li class=\"rank-math-html-sitemap__item\"><a class=\"rank-math-html-sitemap__link\" href=\"https:\/\/gluhak.hr\/en\/izrada-resetki-za-prozore-i-vrata\/\">Making grilles for Windows and doors<\/a><\/li>\n<li class=\"rank-math-html-sitemap__item\"><a class=\"rank-math-html-sitemap__link\" href=\"https:\/\/gluhak.hr\/en\/izrada-metalnih-vrata\/\">Production of metal doors<\/a><\/li>\n<li class=\"rank-math-html-sitemap__item\"><a class=\"rank-math-html-sitemap__link\" href=\"https:\/\/gluhak.hr\/en\/izrada-metalnih-stepenica\/\">Construction of metal stairs<\/a><\/li>\n<li class=\"rank-math-html-sitemap__item\"><a class=\"rank-math-html-sitemap__link\" href=\"https:\/\/gluhak.hr\/en\/izrada-protupozarnih-stepenica-i-ljestvi\/\">Construction of fire stairs and ladders<\/a><\/li>\n<li><a class=\"rank-math-html-sitemap__link\" href=\"https:\/\/gluhak.hr\/en\/izrada-metalnih-resetki\/\">Production of metal bars<\/a><\/li>\n<li class=\"rank-math-html-sitemap__item\"><a class=\"rank-math-html-sitemap__link\" href=\"https:\/\/gluhak.hr\/en\/izrada-vatrogasnih-cisterni\/\">Construction of fire tanks<\/a><\/li>\n<li class=\"rank-math-html-sitemap__item\"><a class=\"rank-math-html-sitemap__link\" href=\"https:\/\/gluhak.hr\/en\/izrada-vakuum-i-specijalnih-spremnika\/\">Making vacuum and special tanks<\/a><\/li>\n<li class=\"rank-math-html-sitemap__item\"><a class=\"rank-math-html-sitemap__link\" href=\"https:\/\/gluhak.hr\/en\/izrada-metalnih-transportnih-kutija-i-spremnika\/\">Manufacture of metal transport boxes and containers<\/a><\/li>\n<li class=\"rank-math-html-sitemap__item\"><a class=\"rank-math-html-sitemap__link\" href=\"https:\/\/gluhak.hr\/en\/izrada-spremnika-za-gorivo\/\">Production of fuel tanks<\/a><\/li>\n<li class=\"rank-math-html-sitemap__item\"><a class=\"rank-math-html-sitemap__link\" href=\"https:\/\/gluhak.hr\/en\/izrada-pcelarskih-kontejnera\/\">Production of beekeeping containers<\/a><\/li>\n<li class=\"rank-math-html-sitemap__item\"><a class=\"rank-math-html-sitemap__link\" href=\"https:\/\/gluhak.hr\/en\/izrada-metalnih-dimovoda\/\">Production of metal smoke pipes<\/a><\/li>\n<li class=\"rank-math-html-sitemap__item\"><a class=\"rank-math-html-sitemap__link\" href=\"https:\/\/gluhak.hr\/en\/izrada-abroll-kontejnera\/\">ABROLL container<\/a><\/li>\n<li class=\"rank-math-html-sitemap__item\"><a class=\"rank-math-html-sitemap__link\" href=\"https:\/\/gluhak.hr\/en\/izrada-kontejnera-za-komunalni-otpad\/\">Production of containers for municipal waste<\/a><\/li>\n<li class=\"rank-math-html-sitemap__item\"><a class=\"rank-math-html-sitemap__link\" href=\"https:\/\/gluhak.hr\/en\/izrada-kontenjera\/\">Container production<\/a><\/li>\n<li class=\"rank-math-html-sitemap__item\"><a class=\"rank-math-html-sitemap__link\" href=\"https:\/\/gluhak.hr\/en\/izrada-hidroforskih-posuda\/\">Production of hydrophoric vessels<\/a><\/li>\n<li class=\"rank-math-html-sitemap__item\"><a class=\"rank-math-html-sitemap__link\" href=\"https:\/\/gluhak.hr\/en\/izrada-tankova\/\">Making tanks<\/a><\/li>\n<li class=\"rank-math-html-sitemap__item\"><a class=\"rank-math-html-sitemap__link\" href=\"https:\/\/gluhak.hr\/en\/izrada-spremnika-pod-tlakom\/\">Production of pressure tanks<\/a><\/li>\n<li class=\"rank-math-html-sitemap__item\"><a class=\"rank-math-html-sitemap__link\" href=\"https:\/\/gluhak.hr\/en\/izrada-postolja-za-namjestaj\/\">Making furniture stand<\/a><\/li>\n<li class=\"rank-math-html-sitemap__item\"><a class=\"rank-math-html-sitemap__link\" href=\"https:\/\/gluhak.hr\/en\/izrada-metalne-konstrukcije\/\">Metal construction<\/a><\/li>\n<li class=\"rank-math-html-sitemap__item\"><a class=\"rank-math-html-sitemap__link\" href=\"https:\/\/gluhak.hr\/en\/izrada-hidraulicnih-spremnika\/\">Production of hydraulic tanks<\/a><\/li>\n<\/ul>","protected":false},"excerpt":{"rendered":"<p>Kvalitetna Bravarska Rje\u0161enja za Sve Potrebe u \u0110ur\u0111evcu Gluhak Bravarija nudi vrhunska bravarska rje\u0161enja za sve potrebe u \u0110ur\u0111evcu. Na\u0161a stru\u010dnost obuhva\u0107a \u0161irok spektar usluga, uklju\u010duju\u0107i izradu metalnih konstrukcija, nadstre\u0161nica, metalnih i aluminijskih ograda te \u010deli\u010dnih konstrukcija. Tako\u0111er se bavimo rezanjem i savijanjem lima, izradom postolja za namje\u0161taj, dijelova za strojeve, spremnika pod tlakom, tankova,<\/p>","protected":false},"author":1,"featured_media":0,"parent":0,"menu_order":0,"comment_status":"closed","ping_status":"closed","template":"","meta":{"footnotes":""},"class_list":["post-41474","page","type-page","status-publish","hentry"],"_links":{"self":[{"href":"https:\/\/gluhak.hr\/en\/wp-json\/wp\/v2\/pages\/41474","targetHints":{"allow":["GET"]}}],"collection":[{"href":"https:\/\/gluhak.hr\/en\/wp-json\/wp\/v2\/pages"}],"about":[{"href":"https:\/\/gluhak.hr\/en\/wp-json\/wp\/v2\/types\/page"}],"author":[{"embeddable":true,"href":"https:\/\/gluhak.hr\/en\/wp-json\/wp\/v2\/users\/1"}],"replies":[{"embeddable":true,"href":"https:\/\/gluhak.hr\/en\/wp-json\/wp\/v2\/comments?post=41474"}],"version-history":[{"count":0,"href":"https:\/\/gluhak.hr\/en\/wp-json\/wp\/v2\/pages\/41474\/revisions"}],"wp:attachment":[{"href":"https:\/\/gluhak.hr\/en\/wp-json\/wp\/v2\/media?parent=41474"}],"curies":[{"name":"wp","href":"https:\/\/api.w.org\/{rel}","templated":true}]}}