{"id":41468,"date":"2024-09-12T12:46:45","date_gmt":"2024-09-12T11:46:45","guid":{"rendered":"https:\/\/gluhak.hr\/?page_id=41468"},"modified":"2024-08-23T12:49:13","modified_gmt":"2024-08-23T11:49:13","slug":"bravarija-porec","status":"publish","type":"page","link":"https:\/\/gluhak.hr\/en\/bravarija-porec\/","title":{"rendered":"Bravarija Pore\u010d"},"content":{"rendered":"<h3 class=\"wp-block-heading\">Kvalitetna Bravarska Rje\u0161enja za Sve Potrebe u Pore\u010du<\/h3>\n\n\n\n<p>Gluhak Bravarija u Pore\u010du pru\u017ea \u0161irok spektar bravarskih rje\u0161enja koja zadovoljavaju potrebe industrije i privatnih korisnika. Na\u0161a ponuda uklju\u010duje izradu metalnih konstrukcija, nadstre\u0161nica, metalnih i aluminijskih ograda, te \u010deli\u010dnih konstrukcija. Tako\u0111er nudimo usluge rezanja i savijanja lima, izrade postolja za namje\u0161taj, dijelova za strojeve, spremnika pod tlakom, tankova, hidroforskih posuda i kontejnera. Industrije u Pore\u010du, poput turizma, graditeljstva i proizvodnje, mogu zna\u010dajno profitirati od na\u0161ih stru\u010dnih bravarskih radova, uklju\u010duju\u0107i inox bravariju i CNC obrada metala.<\/p>\n\n\n\n<figure class=\"wp-block-image size-full\"><img decoding=\"async\" width=\"717\" height=\"506\" src=\"https:\/\/gluhak.hr\/wp-content\/uploads\/2024\/08\/image-20.png\" alt=\"\" class=\"wp-image-41221\" title=\"\" srcset=\"https:\/\/gluhak.hr\/wp-content\/uploads\/2024\/08\/image-20.png 717w, https:\/\/gluhak.hr\/wp-content\/uploads\/2024\/08\/image-20-300x212.png 300w, https:\/\/gluhak.hr\/wp-content\/uploads\/2024\/08\/image-20-18x12.png 18w\" sizes=\"(max-width: 717px) 100vw, 717px\" \/><\/figure>\n\n\n\n<h3 class=\"wp-block-heading\">Prilago\u0111eno potrebama industrije i doma\u0107instava na podru\u010dju Pore\u010da 52440<\/h3>\n\n\n\n<p>Na\u0161a bravarska radiona u Pore\u010du je posve\u0107ena pru\u017eanju prilago\u0111enih rje\u0161enja koja odgovaraju specifi\u010dnim potrebama lokalne zajednice i industrije. Grad Pore\u010d, poznat po svojoj razvijenoj turisti\u010dkoj i gra\u0111evinskoj industriji, zahtijeva visokokvalitetne bravarske usluge. Nudimo usluge kao \u0161to su aluminijske i \u010deli\u010dne konstrukcije, inox bravarija te precizna CNC obrada metala. Na\u0161a sposobnost da zadovoljimo potrebe javnog sektora i privatnih klijenata \u010dini nas idealnim partnerom za sve bravarske projekte u Pore\u010du.<\/p>\n\n\n\n<h3 class=\"wp-block-heading\">Pogodnosti Bravarije Gluhak u Pore\u010du<\/h3>\n\n\n\n<p>Gluhak Bravarija nudi brojne prednosti za klijente u Pore\u010du. Na\u0161a stru\u010dnost u inox bravariji i CNC obradi metala omogu\u0107ava nam da ispunimo visoke standarde kvalitete, \u0161to je posebno va\u017eno za projekte u turisti\u010dkoj i poslovnoj infrastrukturi grada. Radimo na lokacijama poput Ulice Vladimira Nazora, Ulice Matije Gupca, Ulice Frankopana i Ulice Istra, gdje pru\u017eamo pravovremene i pouzdane usluge. Na\u0161a prisutnost u klju\u010dnim ulicama grada omogu\u0107ava brzu i efikasnu realizaciju svih bravarskih radova.<\/p>\n\n\n\n<figure class=\"wp-block-image size-large\"><img decoding=\"async\" width=\"1024\" height=\"819\" src=\"https:\/\/gluhak.hr\/wp-content\/uploads\/2024\/08\/651dfg651dfg651dfg651dgf651dfg651dfg651-1024x819.jpg\" alt=\"\" class=\"wp-image-871\" title=\"\" srcset=\"https:\/\/gluhak.hr\/wp-content\/uploads\/2024\/08\/651dfg651dfg651dfg651dgf651dfg651dfg651-1024x819.jpg 1024w, https:\/\/gluhak.hr\/wp-content\/uploads\/2024\/08\/651dfg651dfg651dfg651dgf651dfg651dfg651-300x240.jpg 300w, https:\/\/gluhak.hr\/wp-content\/uploads\/2024\/08\/651dfg651dfg651dfg651dgf651dfg651dfg651-768x614.jpg 768w, https:\/\/gluhak.hr\/wp-content\/uploads\/2024\/08\/651dfg651dfg651dfg651dgf651dfg651dfg651-15x12.jpg 15w, https:\/\/gluhak.hr\/wp-content\/uploads\/2024\/08\/651dfg651dfg651dfg651dgf651dfg651dfg651.jpg 1500w\" sizes=\"(max-width: 1024px) 100vw, 1024px\" \/><\/figure>\n\n\n\n<h3 class=\"wp-block-heading\">Nazovite nas ve\u0107 danas za bravarske usluge<\/h3>\n\n\n\n<p>Za sve va\u0161e bravarske potrebe u Pore\u010du, Gluhak Bravarija je najbolja opcija. Kontaktirajte nas kako biste saznali vi\u0161e o na\u0161im uslugama, uklju\u010duju\u0107i cijene bravarije i specijalizirane bravarske radove. Na\u0161a ponuda uklju\u010duje aluminijske, \u010deli\u010dne i inox konstrukcije, CNC obradu metala i druge bravarske usluge koje osiguravaju vrhunske rezultate za va\u0161e projekte. Ne \u010dekajte \u2013 obratite nam se ve\u0107 danas za kvalitetnu i pouzdanu bravarsku uslugu!<\/p>\n<h3>Sheets, profiles and pipes<\/h3>\n<ul class=\"rank-math-html-sitemap__list\">\n<li class=\"rank-math-html-sitemap__item\"><a class=\"rank-math-html-sitemap__link\" href=\"https:\/\/gluhak.hr\/en\/savijanje-limova\/\">Sheet bending<\/a><\/li>\n<li class=\"rank-math-html-sitemap__item\"><a class=\"rank-math-html-sitemap__link\" href=\"https:\/\/gluhak.hr\/en\/rezanje-limova\/\">Sheet metal cutting<\/a><\/li>\n<li><a class=\"rank-math-html-sitemap__link\" href=\"https:\/\/gluhak.hr\/en\/savijanje-metalnih-profila\/\">Bending metal profiles<\/a><\/li>\n<li><a class=\"rank-math-html-sitemap__link\" href=\"https:\/\/gluhak.hr\/en\/savijanje-cjevi\/\">Bending pipes<\/a><\/li>\n<li><a class=\"rank-math-html-sitemap__link\" href=\"https:\/\/gluhak.hr\/en\/rezanje-profila\/\">Profile cutting<\/a><\/li>\n<\/ul>\n<p>\u00a0<\/p>\n<h3>Fences<\/h3>\n<ul>\n<li><a class=\"rank-math-html-sitemap__link\" href=\"https:\/\/gluhak.hr\/en\/izrada-aluminijske-ograde\/\">Production of aluminum fence<\/a><\/li>\n<li><a class=\"rank-math-html-sitemap__link\" href=\"https:\/\/gluhak.hr\/en\/izrada-metalne-ograde\/\">Making of metal fence<\/a><\/li>\n<li><a class=\"rank-math-html-sitemap__link\" href=\"https:\/\/gluhak.hr\/en\/ograde-po-mjeri\/\">Custom fences<\/a><\/li>\n<li><a class=\"rank-math-html-sitemap__link\" href=\"https:\/\/gluhak.hr\/en\/izrada-inox-ograde\/\">Stainless steel fence<\/a><\/li>\n<li><a class=\"rank-math-html-sitemap__link\" href=\"https:\/\/gluhak.hr\/en\/izrada-kliznih-dvorisnih-vrata\/\">Production of sliding doors<\/a><\/li>\n<li><a class=\"rank-math-html-sitemap__link\" href=\"https:\/\/gluhak.hr\/en\/izrada-cnc-rezanih-ograda\/\">Production of CNC cut fences<\/a><\/li>\n<li class=\"rank-math-html-sitemap__item\"><a class=\"rank-math-html-sitemap__link\" href=\"https:\/\/gluhak.hr\/en\/balkonske-ograde\/\">Balcony railings<\/a><\/li>\n<li class=\"rank-math-html-sitemap__item\"><a class=\"rank-math-html-sitemap__link\" href=\"https:\/\/gluhak.hr\/en\/izrada-panelne-ograde\/\">Making a panel fence<\/a><\/li>\n<\/ul>\n<p>\u00a0<\/p>\n<h3>Services<\/h3>\n<ul>\n<li><a class=\"rank-math-html-sitemap__link\" href=\"https:\/\/gluhak.hr\/en\/zavarivanje\/\">Welding<\/a><\/li>\n<li><a class=\"rank-math-html-sitemap__link\" href=\"https:\/\/gluhak.hr\/en\/savijanje-zice\/\">Wire bending<\/a><\/li>\n<li class=\"rank-math-html-sitemap__item\"><a class=\"rank-math-html-sitemap__link\" href=\"https:\/\/gluhak.hr\/en\/3d-modeliranje-i-crtanje\/\">3D modeling and drawing<\/a><\/li>\n<li class=\"rank-math-html-sitemap__item\"><a class=\"rank-math-html-sitemap__link\" href=\"https:\/\/gluhak.hr\/en\/montaza-metalnih-konstrukcija\/\">Installation Of Metal Structures<\/a><\/li>\n<li class=\"rank-math-html-sitemap__item\"><a class=\"rank-math-html-sitemap__link\" href=\"https:\/\/gluhak.hr\/en\/popravak-strojeva-i-konstrukcija\/\">Repair of machinery and structures<\/a><\/li>\n<li><a class=\"rank-math-html-sitemap__link\" href=\"https:\/\/gluhak.hr\/en\/izrada-manjih-strojeva-i-naprava\/\">Making smaller machines and devices<\/a><\/li>\n<li><a class=\"rank-math-html-sitemap__link\" href=\"https:\/\/gluhak.hr\/en\/izrada-metalnih-dijelova-za-strojeve\/\">Production of metal parts for machines<\/a><\/li>\n<\/ul>\n<h3>\u00a0<\/h3>\n<h3>Machining and surface treatment<\/h3>\n<ul class=\"rank-math-html-sitemap__list\">\n<li><a class=\"rank-math-html-sitemap__link\" href=\"https:\/\/gluhak.hr\/en\/cnc-obrada-metala\/\">CNC metal processing<\/a><\/li>\n<li class=\"rank-math-html-sitemap__item\"><a class=\"rank-math-html-sitemap__link\" href=\"https:\/\/gluhak.hr\/en\/povrsinska-obrada-metala\/\">Metal surface treatment<\/a><\/li>\n<li class=\"rank-math-html-sitemap__item\"><a class=\"rank-math-html-sitemap__link\" href=\"https:\/\/gluhak.hr\/en\/strojna-obrada-metala\/\">Metal machining<\/a><\/li>\n<li class=\"rank-math-html-sitemap__item\"><a class=\"rank-math-html-sitemap__link\" href=\"https:\/\/gluhak.hr\/en\/brusenje-metala\/\">Grinding metal<\/a><\/li>\n<li class=\"rank-math-html-sitemap__item\"><a class=\"rank-math-html-sitemap__link\" href=\"https:\/\/gluhak.hr\/en\/busenje-metala\/\">Metal drilling<\/a><\/li>\n<li class=\"rank-math-html-sitemap__item\"><a class=\"rank-math-html-sitemap__link\" href=\"https:\/\/gluhak.hr\/en\/glodanje\/\">Milling<\/a><\/li>\n<li class=\"rank-math-html-sitemap__item\"><a class=\"rank-math-html-sitemap__link\" href=\"https:\/\/gluhak.hr\/en\/tokarenje\/\">Turning<\/a><\/li>\n<li class=\"rank-math-html-sitemap__item\"><a class=\"rank-math-html-sitemap__link\" href=\"https:\/\/gluhak.hr\/en\/cincanje\/\">Galvanizing<\/a><\/li>\n<li class=\"rank-math-html-sitemap__item\"><a class=\"rank-math-html-sitemap__link\" href=\"https:\/\/gluhak.hr\/en\/pjeskarenje-metala\/\">Sandblasting metal<\/a><\/li>\n<li><a class=\"rank-math-html-sitemap__link\" href=\"https:\/\/gluhak.hr\/en\/plastifikacija-metala\/\">Plastification of metal<\/a><\/li>\n<li><a class=\"rank-math-html-sitemap__link\" href=\"https:\/\/gluhak.hr\/en\/lasersko-rezanje-metala\/\">Laser metal cutting<\/a><\/li>\n<\/ul>\n<h3>\u00a0<\/h3>\n<h3>Products<\/h3>\n<ul>\n<li><a class=\"rank-math-html-sitemap__link\" href=\"https:\/\/gluhak.hr\/en\/izrada-metalnih-nadstresnica\/\">Production of metal canopies<\/a><\/li>\n<li class=\"rank-math-html-sitemap__item\"><a class=\"rank-math-html-sitemap__link\" href=\"https:\/\/gluhak.hr\/en\/izrada-resetki-za-prozore-i-vrata\/\">Making grilles for Windows and doors<\/a><\/li>\n<li class=\"rank-math-html-sitemap__item\"><a class=\"rank-math-html-sitemap__link\" href=\"https:\/\/gluhak.hr\/en\/izrada-metalnih-vrata\/\">Production of metal doors<\/a><\/li>\n<li class=\"rank-math-html-sitemap__item\"><a class=\"rank-math-html-sitemap__link\" href=\"https:\/\/gluhak.hr\/en\/izrada-metalnih-stepenica\/\">Construction of metal stairs<\/a><\/li>\n<li class=\"rank-math-html-sitemap__item\"><a class=\"rank-math-html-sitemap__link\" href=\"https:\/\/gluhak.hr\/en\/izrada-protupozarnih-stepenica-i-ljestvi\/\">Construction of fire stairs and ladders<\/a><\/li>\n<li><a class=\"rank-math-html-sitemap__link\" href=\"https:\/\/gluhak.hr\/en\/izrada-metalnih-resetki\/\">Production of metal bars<\/a><\/li>\n<li class=\"rank-math-html-sitemap__item\"><a class=\"rank-math-html-sitemap__link\" href=\"https:\/\/gluhak.hr\/en\/izrada-vatrogasnih-cisterni\/\">Construction of fire tanks<\/a><\/li>\n<li class=\"rank-math-html-sitemap__item\"><a class=\"rank-math-html-sitemap__link\" href=\"https:\/\/gluhak.hr\/en\/izrada-vakuum-i-specijalnih-spremnika\/\">Making vacuum and special tanks<\/a><\/li>\n<li class=\"rank-math-html-sitemap__item\"><a class=\"rank-math-html-sitemap__link\" href=\"https:\/\/gluhak.hr\/en\/izrada-metalnih-transportnih-kutija-i-spremnika\/\">Manufacture of metal transport boxes and containers<\/a><\/li>\n<li class=\"rank-math-html-sitemap__item\"><a class=\"rank-math-html-sitemap__link\" href=\"https:\/\/gluhak.hr\/en\/izrada-spremnika-za-gorivo\/\">Production of fuel tanks<\/a><\/li>\n<li class=\"rank-math-html-sitemap__item\"><a class=\"rank-math-html-sitemap__link\" href=\"https:\/\/gluhak.hr\/en\/izrada-pcelarskih-kontejnera\/\">Production of beekeeping containers<\/a><\/li>\n<li class=\"rank-math-html-sitemap__item\"><a class=\"rank-math-html-sitemap__link\" href=\"https:\/\/gluhak.hr\/en\/izrada-metalnih-dimovoda\/\">Production of metal smoke pipes<\/a><\/li>\n<li class=\"rank-math-html-sitemap__item\"><a class=\"rank-math-html-sitemap__link\" href=\"https:\/\/gluhak.hr\/en\/izrada-abroll-kontejnera\/\">ABROLL container<\/a><\/li>\n<li class=\"rank-math-html-sitemap__item\"><a class=\"rank-math-html-sitemap__link\" href=\"https:\/\/gluhak.hr\/en\/izrada-kontejnera-za-komunalni-otpad\/\">Production of containers for municipal waste<\/a><\/li>\n<li class=\"rank-math-html-sitemap__item\"><a class=\"rank-math-html-sitemap__link\" href=\"https:\/\/gluhak.hr\/en\/izrada-kontenjera\/\">Container production<\/a><\/li>\n<li class=\"rank-math-html-sitemap__item\"><a class=\"rank-math-html-sitemap__link\" href=\"https:\/\/gluhak.hr\/en\/izrada-hidroforskih-posuda\/\">Production of hydrophoric vessels<\/a><\/li>\n<li class=\"rank-math-html-sitemap__item\"><a class=\"rank-math-html-sitemap__link\" href=\"https:\/\/gluhak.hr\/en\/izrada-tankova\/\">Making tanks<\/a><\/li>\n<li class=\"rank-math-html-sitemap__item\"><a class=\"rank-math-html-sitemap__link\" href=\"https:\/\/gluhak.hr\/en\/izrada-spremnika-pod-tlakom\/\">Production of pressure tanks<\/a><\/li>\n<li class=\"rank-math-html-sitemap__item\"><a class=\"rank-math-html-sitemap__link\" href=\"https:\/\/gluhak.hr\/en\/izrada-postolja-za-namjestaj\/\">Making furniture stand<\/a><\/li>\n<li class=\"rank-math-html-sitemap__item\"><a class=\"rank-math-html-sitemap__link\" href=\"https:\/\/gluhak.hr\/en\/izrada-metalne-konstrukcije\/\">Metal construction<\/a><\/li>\n<li class=\"rank-math-html-sitemap__item\"><a class=\"rank-math-html-sitemap__link\" href=\"https:\/\/gluhak.hr\/en\/izrada-hidraulicnih-spremnika\/\">Production of hydraulic tanks<\/a><\/li>\n<\/ul>","protected":false},"excerpt":{"rendered":"<p>Kvalitetna Bravarska Rje\u0161enja za Sve Potrebe u Pore\u010du Gluhak Bravarija u Pore\u010du pru\u017ea \u0161irok spektar bravarskih rje\u0161enja koja zadovoljavaju potrebe industrije i privatnih korisnika. Na\u0161a ponuda uklju\u010duje izradu metalnih konstrukcija, nadstre\u0161nica, metalnih i aluminijskih ograda, te \u010deli\u010dnih konstrukcija. Tako\u0111er nudimo usluge rezanja i savijanja lima, izrade postolja za namje\u0161taj, dijelova za strojeve, spremnika pod tlakom,<\/p>","protected":false},"author":1,"featured_media":0,"parent":0,"menu_order":0,"comment_status":"closed","ping_status":"closed","template":"","meta":{"footnotes":""},"class_list":["post-41468","page","type-page","status-publish","hentry"],"_links":{"self":[{"href":"https:\/\/gluhak.hr\/en\/wp-json\/wp\/v2\/pages\/41468","targetHints":{"allow":["GET"]}}],"collection":[{"href":"https:\/\/gluhak.hr\/en\/wp-json\/wp\/v2\/pages"}],"about":[{"href":"https:\/\/gluhak.hr\/en\/wp-json\/wp\/v2\/types\/page"}],"author":[{"embeddable":true,"href":"https:\/\/gluhak.hr\/en\/wp-json\/wp\/v2\/users\/1"}],"replies":[{"embeddable":true,"href":"https:\/\/gluhak.hr\/en\/wp-json\/wp\/v2\/comments?post=41468"}],"version-history":[{"count":0,"href":"https:\/\/gluhak.hr\/en\/wp-json\/wp\/v2\/pages\/41468\/revisions"}],"wp:attachment":[{"href":"https:\/\/gluhak.hr\/en\/wp-json\/wp\/v2\/media?parent=41468"}],"curies":[{"name":"wp","href":"https:\/\/api.w.org\/{rel}","templated":true}]}}