{"id":1025,"date":"2024-08-21T13:48:50","date_gmt":"2024-08-21T12:48:50","guid":{"rendered":"https:\/\/gluhak.hr\/?page_id=1025"},"modified":"2024-08-21T13:49:36","modified_gmt":"2024-08-21T12:49:36","slug":"izrada-postolja-za-namjestaj","status":"publish","type":"page","link":"https:\/\/gluhak.hr\/en\/izrada-postolja-za-namjestaj\/","title":{"rendered":"Making furniture stand"},"content":{"rendered":"<h2 class=\"wp-block-heading\">Usluge Izrade Postolja za Namje\u0161taj<\/h2>\n\n\n\n<p>We specialize in Gluhak <strong>izradu postolja za namje\u0161taj<\/strong> koja su funkcionalna, estetski privla\u010dna i dugotrajna. Na\u0161a ponuda uklju\u010duje izradu postolja za razli\u010dite vrste namje\u0161taja, uklju\u010duju\u0107i stolove, stolice, krevete i ormari\u0107e. Koristimo visokokvalitetne materijale kao \u0161to su \u010delik, aluminij i drvo kako bismo osigurali stabilnost i izdr\u017eljivost svakog postolja. Na\u0161a usluga obuhva\u0107a cijeli proces \u2013 od dizajniranja i projektiranja do precizne izrade i monta\u017ee, sve kako bi se zadovoljili va\u0161i specifi\u010dni zahtjevi i \u017eelje.<\/p>\n\n\n\n<figure class=\"wp-block-image size-large\"><img decoding=\"async\" width=\"1024\" height=\"819\" src=\"https:\/\/gluhak.hr\/wp-content\/uploads\/2024\/08\/ghjhgi657uz566ugzhjghjhtgj-1024x819.jpg\" alt=\"\" class=\"wp-image-832\" title=\"\" srcset=\"https:\/\/gluhak.hr\/wp-content\/uploads\/2024\/08\/ghjhgi657uz566ugzhjghjhtgj-1024x819.jpg 1024w, https:\/\/gluhak.hr\/wp-content\/uploads\/2024\/08\/ghjhgi657uz566ugzhjghjhtgj-300x240.jpg 300w, https:\/\/gluhak.hr\/wp-content\/uploads\/2024\/08\/ghjhgi657uz566ugzhjghjhtgj-768x614.jpg 768w, https:\/\/gluhak.hr\/wp-content\/uploads\/2024\/08\/ghjhgi657uz566ugzhjghjhtgj-15x12.jpg 15w, https:\/\/gluhak.hr\/wp-content\/uploads\/2024\/08\/ghjhgi657uz566ugzhjghjhtgj.jpg 1500w\" sizes=\"(max-width: 1024px) 100vw, 1024px\" \/><\/figure>\n\n\n\n<h2 class=\"wp-block-heading\">Materials and techniques<\/h2>\n\n\n\n<h3 class=\"wp-block-heading\">\u010celi\u010dna Postolja<\/h3>\n\n\n\n<p>For <strong>\u010deli\u010dna postolja<\/strong> koristimo \u010deli\u010dne cijevi i profile koji su oblo\u017eeni za\u0161titnim slojevima kako bi se pove\u0107ala njihova otpornost na habanje i koroziju. Ova postolja pru\u017eaju izvanrednu stabilnost i dugovje\u010dnost.<\/p>\n\n\n\n<h3 class=\"wp-block-heading\">Aluminijska Postolja<\/h3>\n\n\n\n<p><strong>Aluminijska postolja<\/strong> su lagana i otporna na koroziju, \u0161to ih \u010dini idealnim za moderne i minimalisti\u010dke dizajne. Ova postolja su tako\u0111er jednostavna za monta\u017eu i odr\u017eavanje.<\/p>\n\n\n\n<h2 class=\"wp-block-heading\">Izrada Postolja po Mjeri<\/h2>\n\n\n\n<p>Our service <strong>izrade postolja po mjeri<\/strong> omogu\u0107uje vam da dobijete proizvode koji su potpuno prilago\u0111eni va\u0161im specifi\u010dnim potrebama i prostoru. Bilo da se radi o jedinstvenom dizajnu ili specifi\u010dnim dimenzijama, na\u0161 tim \u0107e sura\u0111ivati s vama kako bi stvorio rje\u0161enja koja savr\u0161eno odgovaraju va\u0161em namje\u0161taju.<\/p>\n\n\n\n<figure class=\"wp-block-image size-large\"><img decoding=\"async\" width=\"1024\" height=\"819\" src=\"https:\/\/gluhak.hr\/wp-content\/uploads\/2024\/08\/451dfg651dfgg651dgf651dfg651dfg651dfg651dfg651dfg-1024x819.jpg\" alt=\"\" class=\"wp-image-866\" title=\"\" srcset=\"https:\/\/gluhak.hr\/wp-content\/uploads\/2024\/08\/451dfg651dfgg651dgf651dfg651dfg651dfg651dfg651dfg-1024x819.jpg 1024w, https:\/\/gluhak.hr\/wp-content\/uploads\/2024\/08\/451dfg651dfgg651dgf651dfg651dfg651dfg651dfg651dfg-300x240.jpg 300w, https:\/\/gluhak.hr\/wp-content\/uploads\/2024\/08\/451dfg651dfgg651dgf651dfg651dfg651dfg651dfg651dfg-768x614.jpg 768w, https:\/\/gluhak.hr\/wp-content\/uploads\/2024\/08\/451dfg651dfgg651dgf651dfg651dfg651dfg651dfg651dfg-15x12.jpg 15w, https:\/\/gluhak.hr\/wp-content\/uploads\/2024\/08\/451dfg651dfgg651dgf651dfg651dfg651dfg651dfg651dfg.jpg 1500w\" sizes=\"(max-width: 1024px) 100vw, 1024px\" \/><\/figure>\n\n\n\n<h2 class=\"wp-block-heading\">Izrada Postolja za Namje\u0161taj Cijena<\/h2>\n\n\n\n<p>Price <strong>izrade postolja za namje\u0161taj<\/strong> u Gluhaku ovisi o kompleksnosti projekta, odabiru materijala i specifi\u010dnim zahtjevima. Nudimo transparentne cijene i detaljne ponude koje uklju\u010duju sve tro\u0161kove materijala, izrade i monta\u017ee. Kontaktirajte nas kako bismo vam pru\u017eili precizan izra\u010dun tro\u0161kova za va\u0161 projekt.<\/p>\n\n\n\n<h2 class=\"wp-block-heading\">Contact Us<\/h2>\n\n\n\n<p>If you are interested in <strong>izradu postolja za namje\u0161taj<\/strong> ili imate dodatna pitanja, slobodno nas kontaktirajte. Na\u0161 tim stru\u010dnjaka u Gluhaku rado \u0107e vam pomo\u0107i u svakom koraku procesa, od planiranja do realizacije. Pozovite nas ili po\u0161aljite upit kako bismo zajedno stvorili postolja koja \u0107e unaprijediti va\u0161 namje\u0161taj i prostor.<\/p>","protected":false},"excerpt":{"rendered":"<p>Usluge Izrade Postolja za Namje\u0161taj U Gluhaku se specijaliziramo za izradu postolja za namje\u0161taj koja su funkcionalna, estetski privla\u010dna i dugotrajna. Na\u0161a ponuda uklju\u010duje izradu postolja za razli\u010dite vrste namje\u0161taja, uklju\u010duju\u0107i stolove, stolice, krevete i ormari\u0107e. Koristimo visokokvalitetne materijale kao \u0161to su \u010delik, aluminij i drvo kako bismo osigurali stabilnost i izdr\u017eljivost svakog postolja. Na\u0161a<\/p>","protected":false},"author":1,"featured_media":0,"parent":0,"menu_order":0,"comment_status":"closed","ping_status":"closed","template":"page-right-sidebar.php","meta":{"footnotes":""},"class_list":["post-1025","page","type-page","status-publish","hentry"],"_links":{"self":[{"href":"https:\/\/gluhak.hr\/en\/wp-json\/wp\/v2\/pages\/1025","targetHints":{"allow":["GET"]}}],"collection":[{"href":"https:\/\/gluhak.hr\/en\/wp-json\/wp\/v2\/pages"}],"about":[{"href":"https:\/\/gluhak.hr\/en\/wp-json\/wp\/v2\/types\/page"}],"author":[{"embeddable":true,"href":"https:\/\/gluhak.hr\/en\/wp-json\/wp\/v2\/users\/1"}],"replies":[{"embeddable":true,"href":"https:\/\/gluhak.hr\/en\/wp-json\/wp\/v2\/comments?post=1025"}],"version-history":[{"count":0,"href":"https:\/\/gluhak.hr\/en\/wp-json\/wp\/v2\/pages\/1025\/revisions"}],"wp:attachment":[{"href":"https:\/\/gluhak.hr\/en\/wp-json\/wp\/v2\/media?parent=1025"}],"curies":[{"name":"wp","href":"https:\/\/api.w.org\/{rel}","templated":true}]}}